{"id":2349,"date":"2023-03-20T07:47:49","date_gmt":"2023-03-20T07:47:49","guid":{"rendered":"https:\/\/digifolk.eu\/storylab\/"},"modified":"2025-01-21T13:47:05","modified_gmt":"2025-01-21T13:47:05","slug":"people","status":"publish","type":"page","link":"https:\/\/digifolk.eu\/tr\/people\/","title":{"rendered":"Ki\u015filer"},"content":{"rendered":"<p><img decoding=\"async\" src=\"\/wp-content\/uploads\/2023\/05\/DigiFolk_WebsiteDesign_26042023_en-Recovered-27.svg\" alt=\"\"><\/p>\n<div>\n<div class=\"heading-home\"><img loading=\"lazy\" decoding=\"async\" src=\"http:\/\/digifolk.eu\/wp-content\/uploads\/2023\/05\/DigiFolk_WebsiteDesign_26042023_en-23.svg\" uk-svg=\"\" width=\"56\" height=\"52\" class=\"\" \/><\/p>\n<h1 style=\"color: #34519d;\" class=\"uk-h1\"><strong>\u00a0Ki\u015filer<\/strong><\/h1>\n<\/div>\n<\/div>\n<div>Her bir \u00fcniversite orta\u011f\u0131n\u0131n hikaye laboratuvarlar\u0131 toplamda 40&#8217;tan fazla dijitalle\u015ftirilmi\u015f halk hikayesi tasarlad\u0131. \u00dcniversite e\u011fitmenleri ve \u00f6\u011frencileri bu hikayeleri toplad\u0131, k\u00fcrat\u00f6rl\u00fc\u011f\u00fcn\u00fc yapt\u0131 ve dijitalle\u015ftirdi. \u00dcniversite \u00f6\u011frencilerinin ve e\u011fitmenlerinin profillerine ili\u015fkin ba\u011flant\u0131lar\u0131 a\u015fa\u011f\u0131da g\u00f6rebilirsiniz.<\/div>\n<ul>\n<li>\n<p>        <img decoding=\"async\" src=\"\/wp-content\/uploads\/2023\/05\/rugr_logonl_rood_rgb.jpeg\" alt=\"\"><\/p>\n<h4>University of Groningen<\/h4>\n<p><a href=\"\/tr\/people\/university-of-groningen\/\">Daha fazlas\u0131n\u0131 oku<\/a><\/p>\n<\/li>\n<li>\n<p>        <img decoding=\"async\" src=\"\/wp-content\/uploads\/2023\/05\/ASBU_logo.png\" alt=\"\"><\/p>\n<h4>Social Sciences University of Ankara<\/h4>\n<p><a href=\"\/tr\/people\/social-sciences-university-of-ankara\">Daha fazlas\u0131n\u0131 oku<\/a><\/p>\n<\/li>\n<li>\n<p>        <img decoding=\"async\" src=\"\/wp-content\/uploads\/2023\/05\/UB-logo.jpg\" alt=\"UNIVERSITY OF BELGRADE\"><\/p>\n<h4>University of Belgrade<\/h4>\n<p><a href=\"\/tr\/people\/university-of-belgrade\/\">Daha fazlas\u0131n\u0131 oku<\/a><\/p>\n<\/li>\n<li>\n<p>        <img decoding=\"async\" src=\"\/wp-content\/uploads\/2023\/05\/Logo_en.png\" alt=\"\"><\/p>\n<h4>University of Cyprus<\/h4>\n<p><a href=\"\/tr\/people\/university-of-cyprus\/\">Daha fazlas\u0131n\u0131 oku<\/a><\/p>\n<\/li>\n<\/ul>\n<p><!--more--><br \/>\n<!-- {\"type\":\"layout\",\"children\":[{\"type\":\"section\",\"props\":{\"image_position\":\"center-center\",\"padding_remove_top\":true,\"style\":\"default\",\"title_breakpoint\":\"xl\",\"title_position\":\"top-left\",\"title_rotation\":\"left\",\"vertical_align\":\"middle\",\"width\":\"default\"},\"children\":[{\"type\":\"row\",\"children\":[{\"type\":\"column\",\"props\":{\"image_position\":\"center-center\",\"media_overlay_gradient\":\"\",\"position_sticky_breakpoint\":\"m\"},\"children\":[{\"type\":\"image\",\"props\":{\"image\":\"wp-content\\\/uploads\\\/2023\\\/05\\\/DigiFolk_WebsiteDesign_26042023_en-Recovered-27.svg\",\"image_svg_color\":\"emphasis\",\"margin\":\"default\"}}]}]}]},{\"type\":\"section\",\"props\":{\"animation\":\"slide-bottom\",\"animation_delay\":\"200\",\"class\":\"\",\"height\":\"expand\",\"image_position\":\"center-center\",\"padding_remove_top\":true,\"style\":\"default\",\"title_breakpoint\":\"xl\",\"title_position\":\"top-left\",\"title_rotation\":\"left\",\"vertical_align\":\"middle\",\"width\":\"small\"},\"children\":[{\"type\":\"row\",\"props\":{\"class\":\"home1 home3\",\"divider\":false,\"layout\":\"1-3,2-3\"},\"children\":[{\"type\":\"column\",\"props\":{\"image_position\":\"center-center\",\"media_overlay_gradient\":\"\",\"position_sticky_breakpoint\":\"m\",\"vertical_align\":\"middle\",\"width_medium\":\"1-3\"},\"children\":[{\"type\":\"text\",\"props\":{\"column_breakpoint\":\"m\",\"content\":\"\n\n<div class=\\\"heading-home\\\"><img src=\\\"http:\\\/\\\/digifolk.eu\\\/wp-content\\\/uploads\\\/2023\\\/05\\\/DigiFolk_WebsiteDesign_26042023_en-23.svg\\\" uk-svg=\\\"\\\" width=\\\"56\\\" height=\\\"52\\\" class=\\\"\\\" \\\/>\\n\n\n<h1 style=\\\"color: #34519d;\\\" class=\\\"uk-h1\\\"><strong>\\u00a0Ki\\u015filer<\\\/strong><\\\/h1>\\n<\\\/div>\",\"margin\":\"default\",\"text_align\":\"center\"}}]},{\"type\":\"column\",\"props\":{\"image_position\":\"center-center\",\"media_overlay_gradient\":\"\",\"position_sticky_breakpoint\":\"m\",\"vertical_align\":\"middle\",\"width_medium\":\"2-3\"},\"children\":[{\"type\":\"text\",\"props\":{\"column_breakpoint\":\"m\",\"content\":\"Her bir \\u00fcniversite orta\\u011f\\u0131n\\u0131n hikaye laboratuvarlar\\u0131 toplamda 40'tan fazla dijitalle\\u015ftirilmi\\u015f halk hikayesi tasarlad\\u0131. \\u00dcniversite e\\u011fitmenleri ve \\u00f6\\u011frencileri bu hikayeleri toplad\\u0131, k\\u00fcrat\\u00f6rl\\u00fc\\u011f\\u00fcn\\u00fc yapt\\u0131 ve dijitalle\\u015ftirdi. \\u00dcniversite \\u00f6\\u011frencilerinin ve e\\u011fitmenlerinin profillerine ili\\u015fkin ba\\u011flant\\u0131lar\\u0131 a\\u015fa\\u011f\\u0131da g\\u00f6rebilirsiniz.\",\"margin\":\"default\"}}]}]}],\"name\":\"abouthome\"},{\"type\":\"section\",\"props\":{\"image_position\":\"center-center\",\"padding\":\"small\",\"style\":\"default\",\"title_breakpoint\":\"xl\",\"title_position\":\"top-left\",\"title_rotation\":\"left\",\"vertical_align\":\"middle\",\"width\":\"default\"},\"children\":[{\"type\":\"row\",\"children\":[{\"type\":\"column\",\"props\":{\"image_position\":\"center-center\",\"media_overlay_gradient\":\"\",\"position_sticky_breakpoint\":\"m\"},\"children\":[{\"type\":\"grid\",\"props\":{\"content_column_breakpoint\":\"m\",\"css\":\".el-title{text-transform: none;}\",\"filter_align\":\"left\",\"filter_all\":true,\"filter_grid_breakpoint\":\"m\",\"filter_grid_width\":\"auto\",\"filter_position\":\"top\",\"filter_style\":\"tab\",\"grid_column_align\":false,\"grid_default\":\"1\",\"grid_medium\":\"4\",\"grid_row_align\":false,\"grid_small\":\"2\",\"icon_width\":80,\"image_align\":\"top\",\"image_grid_breakpoint\":\"m\",\"image_grid_width\":\"1-2\",\"image_height\":\"60px\",\"image_svg_color\":\"emphasis\",\"item_animation\":true,\"link_style\":\"primary\",\"link_text\":\"Read more\",\"margin\":\"default\",\"meta_align\":\"below-title\",\"meta_element\":\"div\",\"meta_style\":\"text-meta\",\"show_content\":true,\"show_image\":true,\"show_link\":true,\"show_meta\":true,\"show_title\":true,\"title_align\":\"top\",\"title_element\":\"h4\",\"title_grid_breakpoint\":\"m\",\"title_grid_width\":\"1-2\",\"title_hover_style\":\"reset\"},\"children\":[{\"type\":\"grid_item\",\"props\":{\"image\":\"wp-content\\\/uploads\\\/2023\\\/05\\\/rugr_logonl_rood_rgb.jpeg\",\"link\":\"tr\\\/people\\\/university-of-groningen\\\/\",\"link_text\":\"Daha fazlas\\u0131n\\u0131 oku\",\"title\":\"University of Groningen\"}},{\"type\":\"grid_item\",\"props\":{\"image\":\"wp-content\\\/uploads\\\/2023\\\/05\\\/ASBU_logo.png\",\"link\":\"tr\\\/people\\\/social-sciences-university-of-ankara\",\"link_text\":\"Daha fazlas\\u0131n\\u0131 oku\",\"title\":\"Social Sciences University of Ankara\"}},{\"type\":\"grid_item\",\"props\":{\"image\":\"wp-content\\\/uploads\\\/2023\\\/05\\\/UB-logo.jpg\",\"image_alt\":\"UNIVERSITY OF BELGRADE\",\"link\":\"tr\\\/people\\\/university-of-belgrade\\\/\",\"link_text\":\"Daha fazlas\\u0131n\\u0131 oku\",\"title\":\"University of Belgrade\"}},{\"type\":\"grid_item\",\"props\":{\"image\":\"wp-content\\\/uploads\\\/2023\\\/05\\\/Logo_en.png\",\"link\":\"tr\\\/people\\\/university-of-cyprus\\\/\",\"link_text\":\"Daha fazlas\\u0131n\\u0131 oku\",\"title\":\"University of Cyprus\"}}]}]}]}],\"name\":\"GRID - People \\\/ Universities\"}],\"version\":\"3.0.20\"} --><\/p>\n","protected":false},"excerpt":{"rendered":"<p>\u00a0Ki\u015filer Her bir \u00fcniversite orta\u011f\u0131n\u0131n hikaye laboratuvarlar\u0131 toplamda 40&#8217;tan fazla dijitalle\u015ftirilmi\u015f halk hikayesi tasarlad\u0131. \u00dcniversite e\u011fitmenleri ve \u00f6\u011frencileri bu hikayeleri toplad\u0131, k\u00fcrat\u00f6rl\u00fc\u011f\u00fcn\u00fc yapt\u0131 ve dijitalle\u015ftirdi&#8230;<\/p>\n","protected":false},"author":1,"featured_media":0,"parent":0,"menu_order":0,"comment_status":"closed","ping_status":"closed","template":"","meta":{"_acf_changed":false,"inline_featured_image":false,"footnotes":""},"class_list":["post-2349","page","type-page","status-publish","hentry"],"acf":[],"_links":{"self":[{"href":"https:\/\/digifolk.eu\/tr\/wp-json\/wp\/v2\/pages\/2349","targetHints":{"allow":["GET"]}}],"collection":[{"href":"https:\/\/digifolk.eu\/tr\/wp-json\/wp\/v2\/pages"}],"about":[{"href":"https:\/\/digifolk.eu\/tr\/wp-json\/wp\/v2\/types\/page"}],"author":[{"embeddable":true,"href":"https:\/\/digifolk.eu\/tr\/wp-json\/wp\/v2\/users\/1"}],"replies":[{"embeddable":true,"href":"https:\/\/digifolk.eu\/tr\/wp-json\/wp\/v2\/comments?post=2349"}],"version-history":[{"count":11,"href":"https:\/\/digifolk.eu\/tr\/wp-json\/wp\/v2\/pages\/2349\/revisions"}],"predecessor-version":[{"id":3106,"href":"https:\/\/digifolk.eu\/tr\/wp-json\/wp\/v2\/pages\/2349\/revisions\/3106"}],"wp:attachment":[{"href":"https:\/\/digifolk.eu\/tr\/wp-json\/wp\/v2\/media?parent=2349"}],"curies":[{"name":"wp","href":"https:\/\/api.w.org\/{rel}","templated":true}]}}