{"id":2332,"date":"2022-02-24T14:11:37","date_gmt":"2022-02-24T14:11:37","guid":{"rendered":"https:\/\/digifolk.eu\/home\/"},"modified":"2025-01-07T12:55:07","modified_gmt":"2025-01-07T12:55:07","slug":"home","status":"publish","type":"page","link":"https:\/\/digifolk.eu\/tr\/","title":{"rendered":"Home"},"content":{"rendered":"<h2>\n<p style=\"text-align: center;\"><strong>DigiFolk- \u201cBir \u015eehrin Halk Hikayelerini Dijitalle\u015ftirmek- \u00d6tekilerin Bilgeli\u011fini Payla\u015fmak\u201d<\/strong><\/p>\n<\/h2>\n<p><img decoding=\"async\" src=\"\/wp-content\/uploads\/2023\/05\/DigiFolk_WebsiteDesign_26042023_en-16.png\" alt=\"\"><\/p>\n<div>\n<div class=\"heading-home\"><img loading=\"lazy\" decoding=\"async\" src=\"http:\/\/digifolk.eu\/wp-content\/uploads\/2023\/06\/project-intro-15.svg\" uk-svg=\"\" width=\"68\" height=\"63\" class=\"\" \/><\/p>\n<h1 style=\"color: #34519d;\" class=\"uk-h1\">\u00a0 <strong>Proje Tan\u0131t\u0131m<\/strong><\/h1>\n<\/div>\n<\/div>\n<div>Bu proje, projeye dahil olan \u015fehirlerde (Lefko\u015fa, Belgrad, Ankara ve Groningen) ya\u015fayan etnik, dini ve k\u00fclt\u00fcrel gruplardan halk hikayelerini toplamay\u0131 ve dijitalle\u015ftirmeyi ve bunlar\u0131 herkes i\u00e7in kolayca eri\u015filebilir ve \u00fccretsiz olarak kullan\u0131labilir hale getirmeyi ama\u00e7lamaktad\u0131r.<\/div>\n<p>\n    <a href=\"\/tr\/about\">Fazlas\u0131n\u0131 Ke\u015ffet<\/a>\n<\/p>\n<p><img decoding=\"async\" src=\"\/wp-content\/uploads\/2023\/05\/DigiFolk_WebsiteDesign_26042023_en-Recovered-27.svg\" alt=\"\"><\/p>\n<h1><strong>Proje Ama\u00e7lar\u0131<\/strong><\/h1>\n<div>DigiFolk, bu topluluklar\u0131n k\u00fclt\u00fcrel \u00fcr\u00fcnlerini toplayarak, k\u00fcrat\u00f6rl\u00fc\u011f\u00fcn\u00fc yaparak, dijitalle\u015ftirerek ve payla\u015farak Avrupa toplumlar\u0131nda az\u0131nl\u0131k stat\u00fcs\u00fcnde olan topluluklara ses veriyor. Se\u00e7ilmi\u015f hikayeleri izlemek i\u00e7in DigiFolk platformunu ziyaret edin.<\/div>\n<p>\n    <a href=\"https:\/\/platform.digifolk.eu\/tr\/curated-stories\/\">t\u00fcm dijitalle\u015ftirilmi\u015f hikayeleri buradan izleyin<\/a>\n<\/p>\n<h1><strong>E-platform<\/strong><\/h1>\n<div>DigiFolk&#8217;un \u00e7\u0131kt\u0131lar\u0131 aras\u0131nda proje kapsam\u0131nda toplanan t\u00fcm hikayeler, DigiFolk&#8217;un metodoloji k\u0131lavuzu, hikayelerin nas\u0131l dijitalle\u015ftirilece\u011fi ve k\u00fcrat\u00f6rl\u00fc\u011f\u00fcn\u00fcn nas\u0131l yap\u0131laca\u011f\u0131na dair k\u0131lavuzlar, Kendin Yap (DIY) Digifolk k\u0131lavuzu, projenin d\u00f6rt kat\u0131l\u0131mc\u0131 \u015fehirde nas\u0131l uyguland\u0131\u011f\u0131na dair mini belgeseller ve dijitalle\u015ftirilmi\u015f halk hikayelerine dayanan sanal \u015fehir turlar\u0131 yer almaktad\u0131r. T\u00fcm materyaller projenin e-platformunda kullan\u0131ma sunulmu\u015ftur.<\/div>\n<p>\n    <a href=\"https:\/\/platform.digifolk.eu\/tr\">E-platformu Ziyaret Edin<\/a>\n<\/p>\n<p><img decoding=\"async\" src=\"\/wp-content\/uploads\/2023\/05\/DigiFolk_WebsiteDesign_26042023_en-Recovered-27.svg\" alt=\"\"><\/p>\n<div>\n<div class=\"heading-home\"><img loading=\"lazy\" decoding=\"async\" src=\"http:\/\/digifolk.eu\/wp-content\/uploads\/2023\/06\/project-intro-15.svg\" uk-svg=\"\" width=\"68\" height=\"63\" class=\"\" \/><\/p>\n<h1 style=\"color: #34519d;\" class=\"uk-h1\">\u00a0 <strong>Projenin Kapsam\u0131 ve Yayg\u0131nla\u015ft\u0131rma<\/strong><\/h1>\n<\/div>\n<\/div>\n<div>Proje, e\u011fitimcileri, \u00f6\u011frencileri, marjinalle\u015ftirilmi\u015f topluluklar\u0131n \u00fcyelerini, STK&#8217;lar\u0131, politika yap\u0131c\u0131lar\u0131, ara\u015ft\u0131rmac\u0131lar\u0131 ve sanat\u00e7\u0131lara ula\u015fmay\u0131 kapsamaktad\u0131r. Projenin \u00e7\u0131kt\u0131lar\u0131n\u0131n yayg\u0131nla\u015ft\u0131r\u0131lmas\u0131, projeye kat\u0131lan d\u00f6rt \u015fehirde \u015fehir turlar\u0131n\u0131 da i\u00e7ermektedir. A\u015fa\u011f\u0131da DigiFolk&#8217;un kapsam faaliyetlerinden \u00f6rnekler yer almaktad\u0131r.<\/div>\n<p><!--more--><br \/>\n<!-- {\"type\":\"layout\",\"children\":[{\"type\":\"section\",\"props\":{\"animation\":\"fade\",\"animation_delay\":\"200\",\"height\":\"full\",\"image_position\":\"center-center\",\"padding_remove_bottom\":true,\"padding_remove_top\":true,\"style\":\"default\",\"title_breakpoint\":\"xl\",\"title_position\":\"top-left\",\"title_rotation\":\"left\",\"vertical_align\":\"middle\",\"width\":\"default\"},\"children\":[{\"type\":\"row\",\"children\":[{\"type\":\"column\",\"props\":{\"image_position\":\"center-center\",\"media_overlay_gradient\":\"\",\"position_sticky_breakpoint\":\"m\"},\"children\":[{\"type\":\"headline\",\"props\":{\"class\":\"hero-head\",\"content\":\"\n\n<p style=\\\"text-align: center;\\\"><strong>DigiFolk- \\u201cBir \\u015eehrin Halk Hikayelerini Dijitalle\\u015ftirmek- \\u00d6tekilerin Bilgeli\\u011fini Payla\\u015fmak\\u201d<\\\/strong><\\\/p>\",\"text_align\":\"center\",\"title_color\":\"success\",\"title_element\":\"h2\"}},{\"type\":\"image\",\"props\":{\"image\":\"wp-content\\\/uploads\\\/2023\\\/05\\\/DigiFolk_WebsiteDesign_26042023_en-16.png\",\"image_svg_color\":\"emphasis\",\"margin\":\"default\"}}]}]}],\"name\":\"Hero\"},{\"type\":\"section\",\"props\":{\"image_position\":\"center-center\",\"padding\":\"none\",\"padding_remove_bottom\":true,\"padding_remove_horizontal\":false,\"padding_remove_top\":true,\"style\":\"default\",\"title_breakpoint\":\"xl\",\"title_position\":\"top-left\",\"title_rotation\":\"left\",\"vertical_align\":\"middle\",\"width\":\"small\"},\"children\":[{\"type\":\"row\",\"props\":{\"layout\":\"1-2,1-2\"},\"children\":[{\"type\":\"column\",\"props\":{\"css\":\".el-column{\\n\\npadding:none;\\n    margin-left:none;\\n\\n\\n}\",\"image_position\":\"center-center\",\"media_overlay_gradient\":\"\",\"position_sticky_breakpoint\":\"m\",\"width_medium\":\"1-2\"},\"children\":[{\"type\":\"text\",\"props\":{\"column_breakpoint\":\"m\",\"content\":\"\n\n<div class=\\\"heading-home\\\"><img src=\\\"http:\\\/\\\/digifolk.eu\\\/wp-content\\\/uploads\\\/2023\\\/06\\\/project-intro-15.svg\\\" uk-svg=\\\"\\\" width=\\\"68\\\" height=\\\"63\\\" class=\\\"\\\" \\\/>\\n\n\n<h1 style=\\\"color: #34519d;\\\" class=\\\"uk-h1\\\">\\u00a0 <strong>Proje Tan\\u0131t\\u0131m<\\\/strong><\\\/h1>\\n<\\\/div>\",\"margin\":\"default\",\"text_align\":\"center\"}}]},{\"type\":\"column\",\"props\":{\"image_position\":\"center-center\",\"media_overlay_gradient\":\"\",\"position_sticky_breakpoint\":\"m\",\"width_medium\":\"1-2\"},\"children\":[{\"type\":\"text\",\"props\":{\"column_breakpoint\":\"m\",\"content\":\"Bu proje, projeye dahil olan \\u015fehirlerde (Lefko\\u015fa, Belgrad, Ankara ve Groningen) ya\\u015fayan etnik, dini ve k\\u00fclt\\u00fcrel gruplardan halk hikayelerini toplamay\\u0131 ve dijitalle\\u015ftirmeyi ve bunlar\\u0131 herkes i\\u00e7in kolayca eri\\u015filebilir ve \\u00fccretsiz olarak kullan\\u0131labilir hale getirmeyi ama\\u00e7lamaktad\\u0131r.\",\"margin\":\"default\"}},{\"type\":\"button\",\"props\":{\"grid_column_gap\":\"small\",\"grid_row_gap\":\"small\",\"margin\":\"default\",\"text_align\":\"right\",\"text_align_breakpoint\":\"s\"},\"children\":[{\"type\":\"button_item\",\"props\":{\"button_style\":\"primary\",\"content\":\"Fazlas\\u0131n\\u0131 Ke\\u015ffet\",\"icon_align\":\"left\",\"link\":\"tr\\\/about\"}}]}]}]}],\"name\":\"About\"},{\"type\":\"section\",\"props\":{\"image\":\"\",\"image_position\":\"center-center\",\"image_size\":\"width-1-1\",\"style\":\"default\",\"title_breakpoint\":\"xl\",\"title_position\":\"top-left\",\"title_rotation\":\"left\",\"vertical_align\":\"middle\",\"width\":\"default\"},\"children\":[{\"type\":\"row\",\"children\":[{\"type\":\"column\",\"props\":{\"image_position\":\"center-center\",\"media_overlay_gradient\":\"\",\"position_sticky_breakpoint\":\"m\"},\"children\":[{\"type\":\"image\",\"props\":{\"image\":\"wp-content\\\/uploads\\\/2023\\\/05\\\/DigiFolk_WebsiteDesign_26042023_en-Recovered-27.svg\",\"image_svg_color\":\"emphasis\",\"margin\":\"default\"}}]}]}],\"name\":\"Divider section\"},{\"type\":\"section\",\"props\":{\"css\":\".el-section {\\n\\t\\\/* background:#dff2e9; *\\\/\\n}\",\"image\":\"\",\"image_position\":\"center-center\",\"padding\":\"small\",\"style\":\"default\",\"title_breakpoint\":\"xl\",\"title_position\":\"top-left\",\"title_rotation\":\"left\",\"vertical_align\":\"middle\",\"width\":\"small\"},\"children\":[{\"type\":\"row\",\"children\":[{\"type\":\"column\",\"props\":{\"image_position\":\"center-center\",\"media_overlay_gradient\":\"\",\"position_sticky_breakpoint\":\"m\",\"width_medium\":\"1-2\"},\"children\":[{\"type\":\"headline\",\"props\":{\"content\":\"<strong>Proje Ama\\u00e7lar\\u0131<\\\/strong>\",\"css\":\".el-element {\\n   color:#34519d;\\n   font-size: 35px;\\n}\",\"margin_remove_bottom\":true,\"text_align\":\"center\",\"title_element\":\"h1\"}},{\"type\":\"text\",\"props\":{\"column_breakpoint\":\"m\",\"content\":\"DigiFolk, bu topluluklar\\u0131n k\\u00fclt\\u00fcrel \\u00fcr\\u00fcnlerini toplayarak, k\\u00fcrat\\u00f6rl\\u00fc\\u011f\\u00fcn\\u00fc yaparak, dijitalle\\u015ftirerek ve payla\\u015farak Avrupa toplumlar\\u0131nda az\\u0131nl\\u0131k stat\\u00fcs\\u00fcnde olan topluluklara ses veriyor. Se\\u00e7ilmi\\u015f hikayeleri izlemek i\\u00e7in DigiFolk platformunu ziyaret edin.\",\"margin\":\"default\"}},{\"type\":\"button\",\"props\":{\"grid_column_gap\":\"small\",\"grid_row_gap\":\"small\",\"margin\":\"default\",\"text_align\":\"right\",\"text_align_breakpoint\":\"s\"},\"children\":[{\"type\":\"button_item\",\"props\":{\"button_style\":\"primary\",\"content\":\"t\\u00fcm dijitalle\\u015ftirilmi\\u015f hikayeleri buradan izleyin\",\"icon_align\":\"left\",\"link\":\"https:\\\/\\\/platform.digifolk.eu\\\/tr\\\/curated-stories\\\/\",\"link_target\":\"blank\"}}]}]},{\"type\":\"column\",\"props\":{\"image_position\":\"center-center\",\"media_overlay_gradient\":\"\",\"position_sticky_breakpoint\":\"m\",\"width_medium\":\"1-2\"},\"children\":[{\"type\":\"headline\",\"props\":{\"content\":\"<strong>E-platform<\\\/strong>\",\"css\":\".el-element {\\n   color:#34519d;\\n   font-size: 35px;\\n}\",\"text_align\":\"center\",\"title_element\":\"h1\"}},{\"type\":\"text\",\"props\":{\"column_breakpoint\":\"m\",\"content\":\"DigiFolk'un \\u00e7\\u0131kt\\u0131lar\\u0131 aras\\u0131nda proje kapsam\\u0131nda toplanan t\\u00fcm hikayeler, DigiFolk'un metodoloji k\\u0131lavuzu, hikayelerin nas\\u0131l dijitalle\\u015ftirilece\\u011fi ve k\\u00fcrat\\u00f6rl\\u00fc\\u011f\\u00fcn\\u00fcn nas\\u0131l yap\\u0131laca\\u011f\\u0131na dair k\\u0131lavuzlar, Kendin Yap (DIY) Digifolk k\\u0131lavuzu, projenin d\\u00f6rt kat\\u0131l\\u0131mc\\u0131 \\u015fehirde nas\\u0131l uyguland\\u0131\\u011f\\u0131na dair mini belgeseller ve dijitalle\\u015ftirilmi\\u015f halk hikayelerine dayanan sanal \\u015fehir turlar\\u0131 yer almaktad\\u0131r. T\\u00fcm materyaller projenin e-platformunda kullan\\u0131ma sunulmu\\u015ftur.\",\"margin\":\"default\"}},{\"type\":\"button\",\"props\":{\"grid_column_gap\":\"small\",\"grid_row_gap\":\"small\",\"margin\":\"default\",\"text_align\":\"right\",\"text_align_breakpoint\":\"s\"},\"children\":[{\"type\":\"button_item\",\"props\":{\"button_style\":\"primary\",\"content\":\"E-platformu Ziyaret Edin\",\"icon_align\":\"left\",\"link\":\"https:\\\/\\\/platform.digifolk.eu\\\/tr\",\"link_target\":\"blank\"}}]}]}],\"props\":{\"layout\":\"1-2,1-2\"}}],\"name\":\"Project Goal\"},{\"type\":\"section\",\"props\":{\"image\":\"\",\"image_position\":\"center-center\",\"image_size\":\"width-1-1\",\"style\":\"default\",\"title_breakpoint\":\"xl\",\"title_position\":\"top-left\",\"title_rotation\":\"left\",\"vertical_align\":\"middle\",\"width\":\"default\"},\"children\":[{\"type\":\"row\",\"children\":[{\"type\":\"column\",\"props\":{\"image_position\":\"center-center\",\"media_overlay_gradient\":\"\",\"position_sticky_breakpoint\":\"m\"},\"children\":[{\"type\":\"image\",\"props\":{\"image\":\"wp-content\\\/uploads\\\/2023\\\/05\\\/DigiFolk_WebsiteDesign_26042023_en-Recovered-27.svg\",\"image_svg_color\":\"emphasis\",\"margin\":\"default\"}}]}]}],\"name\":\"Divider section\"},{\"type\":\"section\",\"props\":{\"image_position\":\"center-center\",\"padding_remove_bottom\":false,\"padding_remove_horizontal\":false,\"padding_remove_top\":false,\"style\":\"default\",\"title_breakpoint\":\"xl\",\"title_position\":\"top-left\",\"title_rotation\":\"left\",\"vertical_align\":\"middle\",\"width\":\"small\"},\"children\":[{\"type\":\"row\",\"props\":{\"layout\":\"1-2,1-2\"},\"children\":[{\"type\":\"column\",\"props\":{\"css\":\".el-column{\\n\\npadding:none;\\n    margin-left:none;\\n\\n\\n}\",\"image_position\":\"center-center\",\"media_overlay_gradient\":\"\",\"position_sticky_breakpoint\":\"m\",\"width_medium\":\"1-2\"},\"children\":[{\"type\":\"text\",\"props\":{\"column_breakpoint\":\"m\",\"content\":\"\n\n<div class=\\\"heading-home\\\"><img src=\\\"http:\\\/\\\/digifolk.eu\\\/wp-content\\\/uploads\\\/2023\\\/06\\\/project-intro-15.svg\\\" uk-svg=\\\"\\\" width=\\\"68\\\" height=\\\"63\\\" class=\\\"\\\" \\\/>\\n\n\n<h1 style=\\\"color: #34519d;\\\" class=\\\"uk-h1\\\">\\u00a0 <strong>Projenin Kapsam\\u0131 ve Yayg\\u0131nla\\u015ft\\u0131rma<\\\/strong><\\\/h1>\\n<\\\/div>\",\"margin\":\"default\",\"text_align\":\"center\"}}]},{\"type\":\"column\",\"props\":{\"image_position\":\"center-center\",\"media_overlay_gradient\":\"\",\"position_sticky_breakpoint\":\"m\",\"width_medium\":\"1-2\"},\"children\":[{\"type\":\"text\",\"props\":{\"column_breakpoint\":\"m\",\"content\":\"Proje, e\\u011fitimcileri, \\u00f6\\u011frencileri, marjinalle\\u015ftirilmi\\u015f topluluklar\\u0131n \\u00fcyelerini, STK'lar\\u0131, politika yap\\u0131c\\u0131lar\\u0131, ara\\u015ft\\u0131rmac\\u0131lar\\u0131 ve sanat\\u00e7\\u0131lara ula\\u015fmay\\u0131 kapsamaktad\\u0131r. Projenin \\u00e7\\u0131kt\\u0131lar\\u0131n\\u0131n yayg\\u0131nla\\u015ft\\u0131r\\u0131lmas\\u0131, projeye kat\\u0131lan d\\u00f6rt \\u015fehirde \\u015fehir turlar\\u0131n\\u0131 da i\\u00e7ermektedir. A\\u015fa\\u011f\\u0131da DigiFolk'un kapsam faaliyetlerinden \\u00f6rnekler yer almaktad\\u0131r.\",\"margin\":\"default\"}}]}]}],\"name\":\"Project Outreach\"}],\"version\":\"3.0.20\"} --><\/p>\n","protected":false},"excerpt":{"rendered":"<p>DigiFolk- \u201cBir \u015eehrin Halk Hikayelerini Dijitalle\u015ftirmek- \u00d6tekilerin Bilgeli\u011fini Payla\u015fmak\u201d \u00a0 Proje Tan\u0131t\u0131m Bu proje, projeye dahil olan \u015fehirlerde (Lefko\u015fa, Belgrad, Ankara ve Groningen) ya\u015fayan etnik,..<\/p>\n","protected":false},"author":1,"featured_media":0,"parent":0,"menu_order":0,"comment_status":"closed","ping_status":"closed","template":"","meta":{"_acf_changed":false,"inline_featured_image":false,"footnotes":""},"class_list":["post-2332","page","type-page","status-publish","hentry"],"acf":[],"_links":{"self":[{"href":"https:\/\/digifolk.eu\/tr\/wp-json\/wp\/v2\/pages\/2332","targetHints":{"allow":["GET"]}}],"collection":[{"href":"https:\/\/digifolk.eu\/tr\/wp-json\/wp\/v2\/pages"}],"about":[{"href":"https:\/\/digifolk.eu\/tr\/wp-json\/wp\/v2\/types\/page"}],"author":[{"embeddable":true,"href":"https:\/\/digifolk.eu\/tr\/wp-json\/wp\/v2\/users\/1"}],"replies":[{"embeddable":true,"href":"https:\/\/digifolk.eu\/tr\/wp-json\/wp\/v2\/comments?post=2332"}],"version-history":[{"count":2,"href":"https:\/\/digifolk.eu\/tr\/wp-json\/wp\/v2\/pages\/2332\/revisions"}],"predecessor-version":[{"id":3033,"href":"https:\/\/digifolk.eu\/tr\/wp-json\/wp\/v2\/pages\/2332\/revisions\/3033"}],"wp:attachment":[{"href":"https:\/\/digifolk.eu\/tr\/wp-json\/wp\/v2\/media?parent=2332"}],"curies":[{"name":"wp","href":"https:\/\/api.w.org\/{rel}","templated":true}]}}