{"id":3057,"date":"2024-01-09T13:41:46","date_gmt":"2024-01-09T13:41:46","guid":{"rendered":"https:\/\/digifolk.eu\/people\/university-of-belgrade\/"},"modified":"2025-01-21T10:37:09","modified_gmt":"2025-01-21T10:37:09","slug":"university-of-belgrade","status":"publish","type":"page","link":"https:\/\/digifolk.eu\/sr\/people\/university-of-belgrade\/","title":{"rendered":"University of Belgrade"},"content":{"rendered":"<p><img decoding=\"async\" src=\"\/wp-content\/uploads\/2023\/05\/DigiFolk_WebsiteDesign_26042023_en-Recovered-27.svg\" alt=\"\"><\/p>\n<h4>StoryLab Leaders<\/h4>\n<ul>\n<li>\n<p>        <img decoding=\"async\" src=\"\/wp-content\/uploads\/2024\/01\/Iris-Zezelj-scaled.jpg\" alt=\"\"><\/p>\n<h4>Iris \u017de\u017eelj<\/h4>\n<p>Redovna profesorka<\/p>\n<div>Iris \u017de\u017eelj je redovna profesorka socijalne psihologije na Univerzitetu u Beogradu, Srbija. Doktorirala je 2012. godine. Njena glavna oblast interesovanja je socijalna kognicija, sa posebnim akcentom na pristrasnosti u pam\u0107enju, samospoznaji i percepciji grupa, kao i na me\u0111ugrupnim odnosima. Vodila je i koordinisala me\u0111unarodne istra\u017eiva\u010dke projekte o promeni stavova, me\u0111ugrupnim odnosima i socijalnom identitetu. Trenutno se bavi epistemolo\u0161ki sumnjivim uverenjima, naro\u010dito u oblasti zdravlja, i njihovim odnosom sa zdravstvenim praksama koje mogu biti obmanjuju\u0107e ili izuzetno opasne.<\/div>\n<\/li>\n<li>\n<p>        <img decoding=\"async\" src=\"\/wp-content\/uploads\/2024\/01\/Milica-Ninkovic.jpg\" alt=\"\"><\/p>\n<h4>Milica Ninkovi\u0107<\/h4>\n<p>Istra\u017eiva\u010dica saradnica<\/p>\n<div>Milica Ninkovi\u0107 je doktorandkinja na Odeljenju za psihologiju i istra\u017eiva\u010dicaa saradnica u LIRA Labu na Univerzitetu u Beogradu, Srbija. Njene glavne oblasti interesovanja prate dva istra\u017eiva\u010dka pravca: me\u0111ugrupni odnosi, posebno me\u0111uetni\u010dki odnosi u postkonfliktnim dru\u0161tvima, i socio-psiholo\u0161ki aspekti zdravstvenih pona\u0161anja. Tako\u0111e je anga\u017eovana u nastavi i komunikaciji nauke, a ko-koordinatorka je omladinskog programa u okviru LIRA Laba.<\/div>\n<\/li>\n<\/ul>\n<h4>StoryLab \u010dlanovi &#8211; studenti<\/h4>\n<ul>\n<li>\n<p>        <img decoding=\"async\" src=\"\/wp-content\/uploads\/2024\/01\/Una-Brankovic.jpg\" alt=\"\"><\/p>\n<h4>Una Brankovi\u0107<\/h4>\n<p>Studentkinja tre\u0107e godine osnovnih studija<\/p>\n<div>Una Brankovi\u0107 je studentkinja tre\u0107e godine osnovnih studija na Odeljenju za psihologiju, Filozofski fakultet Univerziteta u Beogradu. Zanima je istra\u017eivanje razli\u010ditih tema u oblastima psiholingvistike i kognitivne nauke, socijalne psihologije, kao i psihologije individualnih razlika.<\/div>\n<\/li>\n<li>\n<p>        <img decoding=\"async\" src=\"\/wp-content\/uploads\/2024\/01\/Ivana-Milenkovic.jpg.jpg\" alt=\"\"><\/p>\n<h4>Ivana Milenkovi\u0107<\/h4>\n<p>Studentkinja tre\u0107e godine osnovnih studija<\/p>\n<div>Ivana Milenkovi\u0107 je studentkinja tre\u0107e godine osnovnih studija psihologije na Univerzitetu u Beogradu. Ivana je zainteresovana za istra\u017eivanje razli\u010ditih tema u oblasti socijalne psihologije i psihologije individualnih razlika.<\/div>\n<\/li>\n<li>\n<p>        <img decoding=\"async\" src=\"\/wp-content\/uploads\/2024\/01\/Tamara-Milic.jpg\" alt=\"\"><\/p>\n<h4>Tamara Mili\u0107<\/h4>\n<p>Studentkinja tre\u0107e godine osnovnih studija<\/p>\n<div>Tamara Mili\u0107 je studentkinja tre\u0107e godine osnovnih studija na Odeljenju za psihologiju na Filozofskom fakultetu Univerziteta u Beogradu. Tamara je zainteresovana za istra\u017eivanje razli\u010ditih tema u oblasti psihologije individualnih razlika i socijalne psihologije.<\/div>\n<\/li>\n<li>\n<p>        <img decoding=\"async\" src=\"\/wp-content\/uploads\/2024\/01\/Katarina-Dr1.jpg\" alt=\"\"><\/p>\n<h4>Katarina Dragini\u0107<\/h4>\n<p>Master studentkinja<\/p>\n<div>Katarina Dragini\u0107 je master studentkinja psihologije na Filozofskom fakultetu Univerziteta u Beogradu. Njena istra\u017eiva\u010dka interesovanja uglavnom su usmerena na oblasti socijalne kognicije i pristrasnih uverenja, posebno teorija zavere. Pored istra\u017eivanja, bavi se i nau\u010dnom komunikacijom, istra\u017euju\u0107i na\u010dine preno\u0161enja zna\u010daja nau\u010dnih dostignu\u0107a javnosti.<\/div>\n<\/li>\n<li>\n<p>        <img decoding=\"async\" src=\"\/wp-content\/uploads\/2024\/01\/Natalija-Jovicevic-scaled.jpg\" alt=\"\"><\/p>\n<h4>Natalija Jovi\u0107evi\u0107<\/h4>\n<p>Studentkinja \u010detvrte godine osnovnih studija<\/p>\n<div>Natalija Jovi\u0107evi\u0107 je studentkinja \u010detvrte godine osnovnih studija psihologije na Univerzitetu u Beogradu, Srbija. Njene glavne oblasti interesovanja su u oblasti psihopatologije, tj. mentalnih poreme\u0107aja i neobi\u010dnih ili neprilago\u0111enih pona\u0161anja, kao i fenomena u oblasti socijalne psihologije. Poslednju godinu osnovnih studija posvetila je klini\u010dkoj psihologiji. Trenutno u\u010destvuje u omladinskom programu u okviru Laboratorije za istra\u017eivanje individualnih razlika.<\/div>\n<\/li>\n<li>\n<p>        <img decoding=\"async\" src=\"\/wp-content\/uploads\/2024\/01\/Nevena-Stojic1.jpeg\" alt=\"\"><\/p>\n<h4>Nevena Stoji\u0107<\/h4>\n<p>Master studentkinja<\/p>\n<div>Nevena Stoji\u0107 je master studentkinja psihologije na Filozofskom fakultetu, Univerzitet u Beogradu. Njena glavna istra\u017eiva\u010dka interesovanja uklju\u010duju me\u0111ugrupne odnose i re\u0161avanje konflikata, posebno u vezi sa ugro\u017eenim etni\u010dkim grupama na Balkanu.<\/div>\n<\/li>\n<\/ul>\n<p><!--more--><br \/>\n<!-- {\"type\":\"layout\",\"children\":[{\"type\":\"section\",\"props\":{\"image_position\":\"center-center\",\"padding\":\"small\",\"padding_remove_top\":true,\"style\":\"default\",\"title_breakpoint\":\"xl\",\"title_position\":\"top-left\",\"title_rotation\":\"left\",\"vertical_align\":\"middle\",\"width\":\"default\"},\"children\":[{\"type\":\"row\",\"children\":[{\"type\":\"column\",\"props\":{\"image_position\":\"center-center\",\"media_overlay_gradient\":\"\",\"position_sticky_breakpoint\":\"m\"},\"children\":[{\"type\":\"image\",\"props\":{\"image\":\"wp-content\\\/uploads\\\/2023\\\/05\\\/DigiFolk_WebsiteDesign_26042023_en-Recovered-27.svg\",\"image_svg_color\":\"emphasis\",\"margin\":\"default\"}}]}]}]},{\"type\":\"section\",\"props\":{\"image_position\":\"center-center\",\"padding\":\"small\",\"style\":\"default\",\"title_breakpoint\":\"xl\",\"title_position\":\"top-left\",\"title_rotation\":\"left\",\"vertical_align\":\"middle\",\"width\":\"default\"},\"children\":[{\"type\":\"row\",\"children\":[{\"type\":\"column\",\"props\":{\"image_position\":\"center-center\",\"media_overlay_gradient\":\"\",\"position_sticky_breakpoint\":\"m\"},\"children\":[{\"type\":\"button\",\"props\":{\"grid_column_gap\":\"small\",\"grid_row_gap\":\"small\",\"margin\":\"default\",\"status\":\"disabled\"},\"children\":[{\"type\":\"button_item\",\"props\":{\"button_style\":\"primary\",\"content\":\"Back to Storylab\",\"icon_align\":\"left\",\"link\":\"storylab\\\/\"}}]},{\"type\":\"headline\",\"props\":{\"title_element\":\"h3\"},\"source\":{\"query\":{\"name\":\"pages.singlePage\"},\"props\":{\"content\":{\"filters\":{\"search\":\"\"},\"name\":\"title\"}}}},{\"type\":\"headline\",\"props\":{\"content\":\"StoryLab Leaders\",\"title_element\":\"h4\"}},{\"type\":\"grid\",\"props\":{\"content_column_breakpoint\":\"m\",\"content_margin\":\"small\",\"css\":\".el-title{text-transform: none;}\",\"filter_align\":\"left\",\"filter_all\":true,\"filter_grid_breakpoint\":\"m\",\"filter_grid_width\":\"auto\",\"filter_position\":\"top\",\"filter_style\":\"tab\",\"grid_default\":\"1\",\"grid_medium\":\"2\",\"icon_width\":80,\"image_align\":\"top\",\"image_grid_breakpoint\":\"m\",\"image_grid_width\":\"1-2\",\"image_height\":\"300px\",\"image_svg_color\":\"emphasis\",\"item_animation\":true,\"link_style\":\"default\",\"link_text\":\"Read more\",\"margin\":\"default\",\"meta_align\":\"below-title\",\"meta_element\":\"div\",\"meta_style\":\"text-meta\",\"show_content\":true,\"show_image\":true,\"show_link\":true,\"show_meta\":true,\"show_title\":true,\"title_align\":\"top\",\"title_element\":\"h4\",\"title_grid_breakpoint\":\"m\",\"title_grid_width\":\"1-2\",\"title_hover_style\":\"reset\"},\"children\":[{\"type\":\"grid_item\",\"props\":{\"content\":\"Iris \\u017de\\u017eelj je redovna profesorka socijalne psihologije na Univerzitetu u Beogradu, Srbija. Doktorirala je 2012. godine. Njena glavna oblast interesovanja je socijalna kognicija, sa posebnim akcentom na pristrasnosti u pam\\u0107enju, samospoznaji i percepciji grupa, kao i na me\\u0111ugrupnim odnosima. Vodila je i koordinisala me\\u0111unarodne istra\\u017eiva\\u010dke projekte o promeni stavova, me\\u0111ugrupnim odnosima i socijalnom identitetu. Trenutno se bavi epistemolo\\u0161ki sumnjivim uverenjima, naro\\u010dito u oblasti zdravlja, i njihovim odnosom sa zdravstvenim praksama koje mogu biti obmanjuju\\u0107e ili izuzetno opasne.\",\"image\":\"wp-content\\\/uploads\\\/2024\\\/01\\\/Iris-Zezelj-scaled.jpg\",\"meta\":\"Redovna profesorka\",\"title\":\"Iris \\u017de\\u017eelj\"}},{\"type\":\"grid_item\",\"props\":{\"content\":\"Milica Ninkovi\\u0107 je doktorandkinja na Odeljenju za psihologiju i istra\\u017eiva\\u010dicaa saradnica u LIRA Labu na Univerzitetu u Beogradu, Srbija. Njene glavne oblasti interesovanja prate dva istra\\u017eiva\\u010dka pravca: me\\u0111ugrupni odnosi, posebno me\\u0111uetni\\u010dki odnosi u postkonfliktnim dru\\u0161tvima, i socio-psiholo\\u0161ki aspekti zdravstvenih pona\\u0161anja. Tako\\u0111e je anga\\u017eovana u nastavi i komunikaciji nauke, a ko-koordinatorka je omladinskog programa u okviru LIRA Laba.\",\"image\":\"wp-content\\\/uploads\\\/2024\\\/01\\\/Milica-Ninkovic.jpg\",\"meta\":\"Istra\\u017eiva\\u010dica saradnica\",\"title\":\"Milica Ninkovi\\u0107\"}}]}]}]},{\"type\":\"row\",\"children\":[{\"type\":\"column\",\"props\":{\"image_position\":\"center-center\",\"media_overlay_gradient\":\"\",\"position_sticky_breakpoint\":\"m\"},\"children\":[{\"type\":\"headline\",\"props\":{\"content\":\"StoryLab \\u010dlanovi - studenti\",\"margin\":\"small\",\"title_element\":\"h4\"}}]}]},{\"type\":\"row\",\"children\":[{\"type\":\"column\",\"props\":{\"image_position\":\"center-center\",\"media_overlay_gradient\":\"\",\"position_sticky_breakpoint\":\"m\",\"width_medium\":\"\"},\"children\":[{\"type\":\"grid\",\"props\":{\"content_column_breakpoint\":\"m\",\"content_margin\":\"small\",\"css\":\".el-title{text-transform: none;}\\n\\n.el-element div:nth-of-type(4) .el-image{\\n\\t\\\/*transform: rotate(90deg);\\n    max-width: 250px;*\\\/\\n}\",\"filter_align\":\"left\",\"filter_all\":true,\"filter_grid_breakpoint\":\"m\",\"filter_grid_width\":\"auto\",\"filter_position\":\"top\",\"filter_style\":\"tab\",\"grid_default\":\"1\",\"grid_medium\":\"3\",\"grid_small\":\"2\",\"icon_width\":80,\"image_align\":\"top\",\"image_grid_breakpoint\":\"m\",\"image_grid_width\":\"1-2\",\"image_height\":\"250px\",\"image_svg_color\":\"emphasis\",\"item_animation\":true,\"link_style\":\"default\",\"link_text\":\"Read more\",\"margin\":\"default\",\"meta_align\":\"below-title\",\"meta_element\":\"div\",\"meta_style\":\"text-meta\",\"show_content\":true,\"show_image\":true,\"show_link\":true,\"show_meta\":true,\"show_title\":true,\"title_align\":\"top\",\"title_element\":\"h4\",\"title_grid_breakpoint\":\"m\",\"title_grid_width\":\"1-2\",\"title_hover_style\":\"reset\",\"title_margin\":\"small\"},\"children\":[{\"type\":\"grid_item\",\"props\":{\"content\":\"Una Brankovi\\u0107 je studentkinja tre\\u0107e godine osnovnih studija na Odeljenju za psihologiju, Filozofski fakultet Univerziteta u Beogradu. Zanima je istra\\u017eivanje razli\\u010ditih tema u oblastima psiholingvistike i kognitivne nauke, socijalne psihologije, kao i psihologije individualnih razlika.\",\"image\":\"wp-content\\\/uploads\\\/2024\\\/01\\\/Una-Brankovic.jpg\",\"meta\":\"Studentkinja tre\\u0107e godine osnovnih studija\",\"title\":\"Una Brankovi\\u0107\"}},{\"type\":\"grid_item\",\"props\":{\"content\":\"Ivana Milenkovi\\u0107 je studentkinja tre\\u0107e godine osnovnih studija psihologije na Univerzitetu u Beogradu. Ivana je zainteresovana za istra\\u017eivanje razli\\u010ditih tema u oblasti socijalne psihologije i psihologije individualnih razlika.\",\"image\":\"wp-content\\\/uploads\\\/2024\\\/01\\\/Ivana-Milenkovic.jpg.jpg\",\"meta\":\"Studentkinja tre\\u0107e godine osnovnih studija\",\"title\":\"Ivana Milenkovi\\u0107\"}},{\"type\":\"grid_item\",\"props\":{\"content\":\"Tamara Mili\\u0107 je studentkinja tre\\u0107e godine osnovnih studija na Odeljenju za psihologiju na Filozofskom fakultetu Univerziteta u Beogradu. Tamara je zainteresovana za istra\\u017eivanje razli\\u010ditih tema u oblasti psihologije individualnih razlika i socijalne psihologije.\",\"image\":\"wp-content\\\/uploads\\\/2024\\\/01\\\/Tamara-Milic.jpg\",\"meta\":\"Studentkinja tre\\u0107e godine osnovnih studija\",\"title\":\"Tamara Mili\\u0107\"}},{\"type\":\"grid_item\",\"props\":{\"content\":\"Katarina Dragini\\u0107 je master studentkinja psihologije na Filozofskom fakultetu Univerziteta u Beogradu. Njena istra\\u017eiva\\u010dka interesovanja uglavnom su usmerena na oblasti socijalne kognicije i pristrasnih uverenja, posebno teorija zavere. Pored istra\\u017eivanja, bavi se i nau\\u010dnom komunikacijom, istra\\u017euju\\u0107i na\\u010dine preno\\u0161enja zna\\u010daja nau\\u010dnih dostignu\\u0107a javnosti.\",\"image\":\"wp-content\\\/uploads\\\/2024\\\/01\\\/Katarina-Dr1.jpg\",\"meta\":\"Master studentkinja\",\"title\":\"Katarina Dragini\\u0107\"}},{\"type\":\"grid_item\",\"props\":{\"content\":\"Natalija Jovi\\u0107evi\\u0107 je studentkinja \\u010detvrte godine osnovnih studija psihologije na Univerzitetu u Beogradu, Srbija. Njene glavne oblasti interesovanja su u oblasti psihopatologije, tj. mentalnih poreme\\u0107aja i neobi\\u010dnih ili neprilago\\u0111enih pona\\u0161anja, kao i fenomena u oblasti socijalne psihologije. Poslednju godinu osnovnih studija posvetila je klini\\u010dkoj psihologiji. Trenutno u\\u010destvuje u omladinskom programu u okviru Laboratorije za istra\\u017eivanje individualnih razlika.\",\"image\":\"wp-content\\\/uploads\\\/2024\\\/01\\\/Natalija-Jovicevic-scaled.jpg\",\"meta\":\"Studentkinja \\u010detvrte godine osnovnih studija\",\"title\":\"Natalija Jovi\\u0107evi\\u0107\"}},{\"type\":\"grid_item\",\"props\":{\"content\":\"Nevena Stoji\\u0107 je master studentkinja psihologije na Filozofskom fakultetu, Univerzitet u Beogradu. Njena glavna istra\\u017eiva\\u010dka interesovanja uklju\\u010duju me\\u0111ugrupne odnose i re\\u0161avanje konflikata, posebno u vezi sa ugro\\u017eenim etni\\u010dkim grupama na Balkanu.\",\"image\":\"wp-content\\\/uploads\\\/2024\\\/01\\\/Nevena-Stojic1.jpeg\",\"meta\":\"Master studentkinja\",\"title\":\"Nevena Stoji\\u0107\"}}]}]}]}],\"name\":\"storylab\"}],\"version\":\"3.0.20\"} --><\/p>\n","protected":false},"excerpt":{"rendered":"<p>StoryLab Leaders Iris \u017de\u017eelj Redovna profesorka Iris \u017de\u017eelj je redovna profesorka socijalne psihologije na Univerzitetu u Beogradu, Srbija. Doktorirala je 2012. godine. Njena glavna oblast..<\/p>\n","protected":false},"author":1,"featured_media":0,"parent":2348,"menu_order":0,"comment_status":"closed","ping_status":"closed","template":"","meta":{"_acf_changed":false,"inline_featured_image":false,"footnotes":""},"class_list":["post-3057","page","type-page","status-publish","hentry"],"acf":[],"_links":{"self":[{"href":"https:\/\/digifolk.eu\/sr\/wp-json\/wp\/v2\/pages\/3057","targetHints":{"allow":["GET"]}}],"collection":[{"href":"https:\/\/digifolk.eu\/sr\/wp-json\/wp\/v2\/pages"}],"about":[{"href":"https:\/\/digifolk.eu\/sr\/wp-json\/wp\/v2\/types\/page"}],"author":[{"embeddable":true,"href":"https:\/\/digifolk.eu\/sr\/wp-json\/wp\/v2\/users\/1"}],"replies":[{"embeddable":true,"href":"https:\/\/digifolk.eu\/sr\/wp-json\/wp\/v2\/comments?post=3057"}],"version-history":[{"count":3,"href":"https:\/\/digifolk.eu\/sr\/wp-json\/wp\/v2\/pages\/3057\/revisions"}],"predecessor-version":[{"id":3080,"href":"https:\/\/digifolk.eu\/sr\/wp-json\/wp\/v2\/pages\/3057\/revisions\/3080"}],"up":[{"embeddable":true,"href":"https:\/\/digifolk.eu\/sr\/wp-json\/wp\/v2\/pages\/2348"}],"wp:attachment":[{"href":"https:\/\/digifolk.eu\/sr\/wp-json\/wp\/v2\/media?parent=3057"}],"curies":[{"name":"wp","href":"https:\/\/api.w.org\/{rel}","templated":true}]}}