{"id":2331,"date":"2022-02-24T14:11:37","date_gmt":"2022-02-24T14:11:37","guid":{"rendered":"https:\/\/digifolk.eu\/home\/"},"modified":"2025-01-07T12:48:53","modified_gmt":"2025-01-07T12:48:53","slug":"home","status":"publish","type":"page","link":"https:\/\/digifolk.eu\/sr\/","title":{"rendered":"meni"},"content":{"rendered":"<h2>\n<p style=\"text-align: center;\"><strong>Digitalizacija pri\u010da iz jednog grada &#8211; deljenje mudrosti Drugog<br \/>\n<\/strong><\/p>\n<\/h2>\n<p><img decoding=\"async\" src=\"\/wp-content\/uploads\/2023\/05\/DigiFolk_WebsiteDesign_26042023_en-16.png\" alt=\"\"><\/p>\n<div>\n<div class=\"heading-home\"><img loading=\"lazy\" decoding=\"async\" src=\"http:\/\/digifolk.eu\/wp-content\/uploads\/2023\/06\/project-intro-15.svg\" uk-svg=\"\" width=\"68\" height=\"63\" class=\"\" \/><\/p>\n<h1 style=\"color: #34519d;\" class=\"uk-h1\">\u00a0 <strong>O projektu<\/strong><\/h1>\n<\/div>\n<\/div>\n<div>Ovaj projekat ima za cilj prikupljanje i digitalizaciju narodnih pri\u010da, pri\u010da mudrosti, iz etni\u010dkih, religijskih i rasnih grupa koje \u017eive u gradovima uklju\u010denim u projekat (Nikozija, Beograd, Ankara i Groningen), kako bi one bile lako i besplatno dostupne svima.<\/div>\n<p>\n    <a href=\"\/sr\/about\">Otkrijte vi\u0161e<\/a>\n<\/p>\n<p><img decoding=\"async\" src=\"\/wp-content\/uploads\/2023\/05\/DigiFolk_WebsiteDesign_26042023_en-Recovered-27.svg\" alt=\"\"><\/p>\n<h1><strong>Ciljevi projekta<\/strong><\/h1>\n<div>Prikupljanjem, ure\u0111ivanjem, digitalizovanjem i deljenjem kulturnih proizvoda ovih zajednica, DigiFolk daje glas zajednicama koje imaju status manjina u evropskim dru\u0161tvima. Posetite DigiFolk platformu da biste pogledali odabrane pri\u010de.<\/div>\n<p>\n    <a href=\"https:\/\/platform.digifolk.eu\/sr\/curated-stories\/\">Pogledajte sve digitalizovane pri\u010de ovde<\/a>\n<\/p>\n<h1><strong>E-platforma<\/strong><\/h1>\n<div>Rezultati projekta DigiFolk uklju\u010duju sve pri\u010de prikupljene u okviru projekta, vodi\u010d za metodologiju DigiFolk-a, smernice za digitalizaciju i ure\u0111ivanje pri\u010da, \u201eUradi sam\u201c DigiFolk vodi\u010d, mini-dokumentarce o tome kako je projekat realizovan u \u010detiri grada koja u\u010destvuju, kao i virtuelne ture gradova zasnovane na digitalizovanim narodnim pri\u010dama. Svi materijali su dostupni na elektronskoj platformi projekta.<\/div>\n<p>\n    <a href=\"https:\/\/platform.digifolk.eu\/sr\">Posetite e-platformu<\/a>\n<\/p>\n<p><img decoding=\"async\" src=\"\/wp-content\/uploads\/2023\/05\/DigiFolk_WebsiteDesign_26042023_en-Recovered-27.svg\" alt=\"\"><\/p>\n<div>\n<div class=\"heading-home\"><img loading=\"lazy\" decoding=\"async\" src=\"http:\/\/digifolk.eu\/wp-content\/uploads\/2023\/06\/project-intro-15.svg\" uk-svg=\"\" width=\"68\" height=\"63\" class=\"\" \/><\/p>\n<h1 style=\"color: #34519d;\" class=\"uk-h1\">\u00a0 <strong>Distribuiranje i domet rezultata projekta<\/strong><\/h1>\n<\/div>\n<\/div>\n<div>Projekat uklju\u010duje edukatore, studente, \u010dlanove marginalizovanih zajednica, nevladine organizacije, donosioca politika, istra\u017eiva\u010de i umetnike, izme\u0111u ostalih. Diseminacija rezultata projekta obuhvata ture po gradovima u \u010detiri grada koja u\u010destvuju u projektu. U nastavku su primeri aktivnosti DigiFolk-a za \u0161irenje projekta.<\/div>\n<p><!--more--><br \/>\n<!-- {\"type\":\"layout\",\"children\":[{\"type\":\"section\",\"props\":{\"animation\":\"fade\",\"animation_delay\":\"200\",\"height\":\"full\",\"image_position\":\"center-center\",\"padding_remove_bottom\":true,\"padding_remove_top\":true,\"style\":\"default\",\"title_breakpoint\":\"xl\",\"title_position\":\"top-left\",\"title_rotation\":\"left\",\"vertical_align\":\"middle\",\"width\":\"default\"},\"children\":[{\"type\":\"row\",\"children\":[{\"type\":\"column\",\"props\":{\"image_position\":\"center-center\",\"media_overlay_gradient\":\"\",\"position_sticky_breakpoint\":\"m\"},\"children\":[{\"type\":\"headline\",\"props\":{\"class\":\"hero-head\",\"content\":\"\n\n<p style=\\\"text-align: center;\\\"><strong>Digitalizacija pri\\u010da iz jednog grada - deljenje mudrosti Drugog\\n<\\\/strong><\\\/p>\",\"text_align\":\"center\",\"title_color\":\"success\",\"title_element\":\"h2\"}},{\"type\":\"image\",\"props\":{\"image\":\"wp-content\\\/uploads\\\/2023\\\/05\\\/DigiFolk_WebsiteDesign_26042023_en-16.png\",\"image_svg_color\":\"emphasis\",\"margin\":\"default\"}}]}]}],\"name\":\"Hero\"},{\"type\":\"section\",\"props\":{\"image_position\":\"center-center\",\"padding\":\"none\",\"padding_remove_bottom\":true,\"padding_remove_horizontal\":false,\"padding_remove_top\":true,\"style\":\"default\",\"title_breakpoint\":\"xl\",\"title_position\":\"top-left\",\"title_rotation\":\"left\",\"vertical_align\":\"middle\",\"width\":\"small\"},\"children\":[{\"type\":\"row\",\"props\":{\"layout\":\"1-2,1-2\"},\"children\":[{\"type\":\"column\",\"props\":{\"css\":\".el-column{\\n\\npadding:none;\\n    margin-left:none;\\n\\n\\n}\",\"image_position\":\"center-center\",\"media_overlay_gradient\":\"\",\"position_sticky_breakpoint\":\"m\",\"width_medium\":\"1-2\"},\"children\":[{\"type\":\"text\",\"props\":{\"column_breakpoint\":\"m\",\"content\":\"\n\n<div class=\\\"heading-home\\\"><img src=\\\"http:\\\/\\\/digifolk.eu\\\/wp-content\\\/uploads\\\/2023\\\/06\\\/project-intro-15.svg\\\" uk-svg=\\\"\\\" width=\\\"68\\\" height=\\\"63\\\" class=\\\"\\\" \\\/>\\n\n\n<h1 style=\\\"color: #34519d;\\\" class=\\\"uk-h1\\\">\\u00a0 <strong>O projektu<\\\/strong><\\\/h1>\\n<\\\/div>\",\"margin\":\"default\",\"text_align\":\"center\"}}]},{\"type\":\"column\",\"props\":{\"image_position\":\"center-center\",\"media_overlay_gradient\":\"\",\"position_sticky_breakpoint\":\"m\",\"width_medium\":\"1-2\"},\"children\":[{\"type\":\"text\",\"props\":{\"column_breakpoint\":\"m\",\"content\":\"Ovaj projekat ima za cilj prikupljanje i digitalizaciju narodnih pri\\u010da, pri\\u010da mudrosti, iz etni\\u010dkih, religijskih i rasnih grupa koje \\u017eive u gradovima uklju\\u010denim u projekat (Nikozija, Beograd, Ankara i Groningen), kako bi one bile lako i besplatno dostupne svima.\",\"margin\":\"default\"}},{\"type\":\"button\",\"props\":{\"grid_column_gap\":\"small\",\"grid_row_gap\":\"small\",\"margin\":\"default\",\"text_align\":\"right\",\"text_align_breakpoint\":\"s\"},\"children\":[{\"type\":\"button_item\",\"props\":{\"button_style\":\"primary\",\"content\":\"Otkrijte vi\\u0161e\",\"icon_align\":\"left\",\"link\":\"sr\\\/about\"}}]}]}]}],\"name\":\"About\"},{\"type\":\"section\",\"props\":{\"image\":\"\",\"image_position\":\"center-center\",\"image_size\":\"width-1-1\",\"style\":\"default\",\"title_breakpoint\":\"xl\",\"title_position\":\"top-left\",\"title_rotation\":\"left\",\"vertical_align\":\"middle\",\"width\":\"default\"},\"children\":[{\"type\":\"row\",\"children\":[{\"type\":\"column\",\"props\":{\"image_position\":\"center-center\",\"media_overlay_gradient\":\"\",\"position_sticky_breakpoint\":\"m\"},\"children\":[{\"type\":\"image\",\"props\":{\"image\":\"wp-content\\\/uploads\\\/2023\\\/05\\\/DigiFolk_WebsiteDesign_26042023_en-Recovered-27.svg\",\"image_svg_color\":\"emphasis\",\"margin\":\"default\"}}]}]}],\"name\":\"Divider section\"},{\"type\":\"section\",\"props\":{\"css\":\".el-section {\\n\\t\\\/* background:#dff2e9; *\\\/\\n}\",\"image\":\"\",\"image_position\":\"center-center\",\"padding\":\"small\",\"style\":\"default\",\"title_breakpoint\":\"xl\",\"title_position\":\"top-left\",\"title_rotation\":\"left\",\"vertical_align\":\"middle\",\"width\":\"small\"},\"children\":[{\"type\":\"row\",\"children\":[{\"type\":\"column\",\"props\":{\"image_position\":\"center-center\",\"media_overlay_gradient\":\"\",\"position_sticky_breakpoint\":\"m\",\"width_medium\":\"1-2\"},\"children\":[{\"type\":\"headline\",\"props\":{\"content\":\"<strong>Ciljevi projekta<\\\/strong>\",\"css\":\".el-element {\\n   color:#34519d;\\n   font-size: 35px;\\n}\",\"margin_remove_bottom\":true,\"text_align\":\"center\",\"title_element\":\"h1\"}},{\"type\":\"text\",\"props\":{\"column_breakpoint\":\"m\",\"content\":\"Prikupljanjem, ure\\u0111ivanjem, digitalizovanjem i deljenjem kulturnih proizvoda ovih zajednica, DigiFolk daje glas zajednicama koje imaju status manjina u evropskim dru\\u0161tvima. Posetite DigiFolk platformu da biste pogledali odabrane pri\\u010de.\",\"margin\":\"default\"}},{\"type\":\"button\",\"props\":{\"grid_column_gap\":\"small\",\"grid_row_gap\":\"small\",\"margin\":\"default\",\"text_align\":\"right\",\"text_align_breakpoint\":\"s\"},\"children\":[{\"type\":\"button_item\",\"props\":{\"button_style\":\"primary\",\"content\":\"Pogledajte sve digitalizovane pri\\u010de ovde\",\"icon_align\":\"left\",\"link\":\"https:\\\/\\\/platform.digifolk.eu\\\/sr\\\/curated-stories\\\/\",\"link_target\":\"blank\"}}]}]},{\"type\":\"column\",\"props\":{\"image_position\":\"center-center\",\"media_overlay_gradient\":\"\",\"position_sticky_breakpoint\":\"m\",\"width_medium\":\"1-2\"},\"children\":[{\"type\":\"headline\",\"props\":{\"content\":\"<strong>E-platforma<\\\/strong>\",\"css\":\".el-element {\\n   color:#34519d;\\n   font-size: 35px;\\n}\",\"text_align\":\"center\",\"title_element\":\"h1\"}},{\"type\":\"text\",\"props\":{\"column_breakpoint\":\"m\",\"content\":\"Rezultati projekta DigiFolk uklju\\u010duju sve pri\\u010de prikupljene u okviru projekta, vodi\\u010d za metodologiju DigiFolk-a, smernice za digitalizaciju i ure\\u0111ivanje pri\\u010da, \\u201eUradi sam\\u201c DigiFolk vodi\\u010d, mini-dokumentarce o tome kako je projekat realizovan u \\u010detiri grada koja u\\u010destvuju, kao i virtuelne ture gradova zasnovane na digitalizovanim narodnim pri\\u010dama. Svi materijali su dostupni na elektronskoj platformi projekta.\",\"margin\":\"default\"}},{\"type\":\"button\",\"props\":{\"grid_column_gap\":\"small\",\"grid_row_gap\":\"small\",\"margin\":\"default\",\"text_align\":\"right\",\"text_align_breakpoint\":\"s\"},\"children\":[{\"type\":\"button_item\",\"props\":{\"button_style\":\"primary\",\"content\":\"Posetite e-platformu\",\"icon_align\":\"left\",\"link\":\"https:\\\/\\\/platform.digifolk.eu\\\/sr\",\"link_target\":\"blank\"}}]}]}],\"props\":{\"layout\":\"1-2,1-2\"}}],\"name\":\"Project Goal\"},{\"type\":\"section\",\"props\":{\"image\":\"\",\"image_position\":\"center-center\",\"image_size\":\"width-1-1\",\"style\":\"default\",\"title_breakpoint\":\"xl\",\"title_position\":\"top-left\",\"title_rotation\":\"left\",\"vertical_align\":\"middle\",\"width\":\"default\"},\"children\":[{\"type\":\"row\",\"children\":[{\"type\":\"column\",\"props\":{\"image_position\":\"center-center\",\"media_overlay_gradient\":\"\",\"position_sticky_breakpoint\":\"m\"},\"children\":[{\"type\":\"image\",\"props\":{\"image\":\"wp-content\\\/uploads\\\/2023\\\/05\\\/DigiFolk_WebsiteDesign_26042023_en-Recovered-27.svg\",\"image_svg_color\":\"emphasis\",\"margin\":\"default\"}}]}]}],\"name\":\"Divider section\"},{\"type\":\"section\",\"props\":{\"image_position\":\"center-center\",\"padding_remove_bottom\":false,\"padding_remove_horizontal\":false,\"padding_remove_top\":false,\"style\":\"default\",\"title_breakpoint\":\"xl\",\"title_position\":\"top-left\",\"title_rotation\":\"left\",\"vertical_align\":\"middle\",\"width\":\"small\"},\"children\":[{\"type\":\"row\",\"props\":{\"layout\":\"1-2,1-2\"},\"children\":[{\"type\":\"column\",\"props\":{\"css\":\".el-column{\\n\\npadding:none;\\n    margin-left:none;\\n\\n\\n}\",\"image_position\":\"center-center\",\"media_overlay_gradient\":\"\",\"position_sticky_breakpoint\":\"m\",\"width_medium\":\"1-2\"},\"children\":[{\"type\":\"text\",\"props\":{\"column_breakpoint\":\"m\",\"content\":\"\n\n<div class=\\\"heading-home\\\"><img src=\\\"http:\\\/\\\/digifolk.eu\\\/wp-content\\\/uploads\\\/2023\\\/06\\\/project-intro-15.svg\\\" uk-svg=\\\"\\\" width=\\\"68\\\" height=\\\"63\\\" class=\\\"\\\" \\\/>\\n\n\n<h1 style=\\\"color: #34519d;\\\" class=\\\"uk-h1\\\">\\u00a0 <strong>Distribuiranje i domet rezultata projekta<\\\/strong><\\\/h1>\\n<\\\/div>\",\"margin\":\"default\",\"text_align\":\"center\"}}]},{\"type\":\"column\",\"props\":{\"image_position\":\"center-center\",\"media_overlay_gradient\":\"\",\"position_sticky_breakpoint\":\"m\",\"width_medium\":\"1-2\"},\"children\":[{\"type\":\"text\",\"props\":{\"column_breakpoint\":\"m\",\"content\":\"Projekat uklju\\u010duje edukatore, studente, \\u010dlanove marginalizovanih zajednica, nevladine organizacije, donosioca politika, istra\\u017eiva\\u010de i umetnike, izme\\u0111u ostalih. Diseminacija rezultata projekta obuhvata ture po gradovima u \\u010detiri grada koja u\\u010destvuju u projektu. U nastavku su primeri aktivnosti DigiFolk-a za \\u0161irenje projekta.\",\"margin\":\"default\"}}]}]}],\"name\":\"Project Outreach\"}],\"version\":\"3.0.20\"} --><\/p>\n","protected":false},"excerpt":{"rendered":"<p>Digitalizacija pri\u010da iz jednog grada &#8211; deljenje mudrosti Drugog \u00a0 O projektu Ovaj projekat ima za cilj prikupljanje i digitalizaciju narodnih pri\u010da, pri\u010da mudrosti, iz..<\/p>\n","protected":false},"author":1,"featured_media":0,"parent":0,"menu_order":0,"comment_status":"closed","ping_status":"closed","template":"","meta":{"_acf_changed":false,"inline_featured_image":false,"footnotes":""},"class_list":["post-2331","page","type-page","status-publish","hentry"],"acf":[],"_links":{"self":[{"href":"https:\/\/digifolk.eu\/sr\/wp-json\/wp\/v2\/pages\/2331","targetHints":{"allow":["GET"]}}],"collection":[{"href":"https:\/\/digifolk.eu\/sr\/wp-json\/wp\/v2\/pages"}],"about":[{"href":"https:\/\/digifolk.eu\/sr\/wp-json\/wp\/v2\/types\/page"}],"author":[{"embeddable":true,"href":"https:\/\/digifolk.eu\/sr\/wp-json\/wp\/v2\/users\/1"}],"replies":[{"embeddable":true,"href":"https:\/\/digifolk.eu\/sr\/wp-json\/wp\/v2\/comments?post=2331"}],"version-history":[{"count":3,"href":"https:\/\/digifolk.eu\/sr\/wp-json\/wp\/v2\/pages\/2331\/revisions"}],"predecessor-version":[{"id":3030,"href":"https:\/\/digifolk.eu\/sr\/wp-json\/wp\/v2\/pages\/2331\/revisions\/3030"}],"wp:attachment":[{"href":"https:\/\/digifolk.eu\/sr\/wp-json\/wp\/v2\/media?parent=2331"}],"curies":[{"name":"wp","href":"https:\/\/api.w.org\/{rel}","templated":true}]}}